{"id":3502,"date":"2023-08-04T01:54:54","date_gmt":"2023-08-03T18:54:54","guid":{"rendered":"https:\/\/dka.asia\/politica-de-devoluciones-y-reembolsos\/"},"modified":"2023-08-16T16:01:47","modified_gmt":"2023-08-16T09:01:47","slug":"politica-de-devoluciones-y-reembolsos","status":"publish","type":"page","link":"https:\/\/dka.asia\/es\/politica-de-devoluciones-y-reembolsos\/","title":{"rendered":"Pol\u00edtica de devoluciones y reembolsos"},"content":{"rendered":"\t\t<div data-elementor-type=\"wp-page\" data-elementor-id=\"3502\" class=\"elementor elementor-3502 elementor-23\" data-elementor-post-type=\"page\">\n\t\t\t\t\t\t\t<div class=\"has_ae_slider elementor-element elementor-element-c11033d e-flex e-con-boxed ae-bg-gallery-type-default e-con\" data-id=\"c11033d\" data-element_type=\"container\" data-settings=\"{&quot;jet_parallax_layout_list&quot;:[],&quot;content_width&quot;:&quot;boxed&quot;}\">\n\t\t\t\t\t<div class=\"e-con-inner\">\n\t\t\t\t<div class=\"elementor-element elementor-element-48c7266 elementor-widget elementor-widget-text-editor\" data-id=\"48c7266\" data-element_type=\"widget\" data-widget_type=\"text-editor.default\">\n\t\t\t\t<div class=\"elementor-widget-container\">\n\t\t\t<style>\/*! elementor - v3.14.0 - 26-06-2023 *\/\n.elementor-widget-text-editor.elementor-drop-cap-view-stacked .elementor-drop-cap{background-color:#69727d;color:#fff}.elementor-widget-text-editor.elementor-drop-cap-view-framed .elementor-drop-cap{color:#69727d;border:3px solid;background-color:transparent}.elementor-widget-text-editor:not(.elementor-drop-cap-view-default) .elementor-drop-cap{margin-top:8px}.elementor-widget-text-editor:not(.elementor-drop-cap-view-default) .elementor-drop-cap-letter{width:1em;height:1em}.elementor-widget-text-editor .elementor-drop-cap{float:left;text-align:center;line-height:1;font-size:50px}.elementor-widget-text-editor .elementor-drop-cap-letter{display:inline-block}<\/style>\t\t\t\t\n<p><b>Esta es una p\u00e1gina de muestra.<\/b><\/p>\n\n\n\n<h3>Visi\u00f3n general<\/h3>\n\n\n\n<p>Nuestra pol\u00edtica de reembolsos y devoluciones dura 30 d\u00edas. Si han pasado 30 d\u00edas desde su compra, no podemos ofrecerle un reembolso o cambio completo.<\/p>\n\n\n\n<p>Para poder realizar una devoluci\u00f3n, el art\u00edculo debe estar sin usar y en las mismas condiciones en las que lo recibi\u00f3. Tambi\u00e9n debe estar en el embalaje original.<\/p>\n\n\n\n<p>Varios tipos de bienes est\u00e1n exentos de devoluci\u00f3n. Los productos perecederos, como alimentos, flores, peri\u00f3dicos o revistas, no pueden devolverse. Tampoco aceptamos productos \u00edntimos o sanitarios, materiales peligrosos o l\u00edquidos o gases inflamables.<\/p>\n\n\n\n<p>Art\u00edculos adicionales no retornables:<\/p>\n\n\n\n<ul>\n<li>Tarjetas regalo<\/li>\n<li>Productos de software descargables<\/li>\n<li>Algunos art\u00edculos de salud y cuidado personal<\/li>\n<\/ul>\n\n\n\n<p>Para completar su devoluci\u00f3n, necesitamos un recibo o prueba de compra.<\/p>\n\n\n\n<p>No devuelva su compra al fabricante.<\/p>\n\n\n\n<p>Hay determinadas situaciones en las que s\u00f3lo se conceden devoluciones parciales:<\/p>\n\n\n\n<ul>\n<li>Libro con signos evidentes de uso<\/li>\n<li>CD, DVD, cinta VHS, software, videojuego, cinta de casete o disco de vinilo que haya sido abierto.<\/li>\n<li>Cualquier art\u00edculo que no se encuentre en su estado original, est\u00e9 da\u00f1ado o le falten piezas por motivos que no se deban a un error nuestro.<\/li>\n<li>Cualquier art\u00edculo que se devuelva m\u00e1s de 30 d\u00edas despu\u00e9s de la entrega<\/li>\n<\/ul>\n\n\n\n<h2>Reembolsos<\/h2>\n\n\n\n<p>Una vez recibida e inspeccionada su devoluci\u00f3n, le enviaremos un correo electr\u00f3nico para notificarle que hemos recibido su art\u00edculo devuelto. Tambi\u00e9n le notificaremos la aprobaci\u00f3n o el rechazo de su devoluci\u00f3n. <\/p>\n\n\n\n<p>If you are approved, then your refund will be processed, and a credit will automatically be applied to your credit card or original method of payment, within a certain amount of days.<\/p>\n\n\n\n<p><b>Reembolsos atrasados o no efectuados<\/b><\/p>\n\n\n\n<p>Si a\u00fan no ha recibido el reembolso, compruebe primero de nuevo su cuenta bancaria.<\/p>\n\n\n\n<p>A continuaci\u00f3n, p\u00f3ngase en contacto con la entidad emisora de su tarjeta de cr\u00e9dito, ya que el reembolso puede tardar alg\u00fan tiempo en hacerse efectivo oficialmente.<\/p>\n\n\n\n<p>A continuaci\u00f3n, p\u00f3ngase en contacto con su banco. Suele transcurrir cierto tiempo antes de que se contabilice el reembolso.<\/p>\n\n\n\n<p>Si ha hecho todo esto y a\u00fan no ha recibido el reembolso, p\u00f3ngase en contacto con nosotros en la {direcci\u00f3n de correo electr\u00f3nico}.<\/p>\n\n\n\n<p><b>Art\u00edculos en venta<\/b><\/p>\n\n\n\n<p>S\u00f3lo se reembolsar\u00e1n los art\u00edculos de precio normal. Los art\u00edculos en oferta no se pueden reembolsar. <\/p>\n\n\n\n<h2>Intercambios<\/h2>\n\n\n\n<p>S\u00f3lo cambiamos art\u00edculos si est\u00e1n defectuosos o da\u00f1ados. Si necesitas cambiarlo por el mismo art\u00edculo, env\u00edanos un correo electr\u00f3nico a {email address} y env\u00eda tu art\u00edculo a: {direcci\u00f3n f\u00edsica}. <\/p>\n\n\n\n<h2>Regalos<\/h2>\n\n\n\n<p>Si el art\u00edculo estaba marcado como regalo cuando se compr\u00f3 y se le envi\u00f3 directamente, recibir\u00e1 un cr\u00e9dito de regalo por el valor de su devoluci\u00f3n. Una vez recibido el art\u00edculo devuelto, se le enviar\u00e1 por correo un cheque regalo. <\/p>\n\n\n\n<p>Si el art\u00edculo no estaba marcado como regalo en el momento de la compra, o si la persona que hizo el regalo se envi\u00f3 el pedido a s\u00ed misma para d\u00e1rtelo a ti m\u00e1s tarde, enviaremos un reembolso a la persona que hizo el regalo y ella se enterar\u00e1 de tu devoluci\u00f3n.<\/p>\n\n\n\n<h2>Devoluciones<\/h2>\n\n\n\n<p>Para devolver su producto, debe enviarlo por correo a {direcci\u00f3n f\u00edsica}.<\/p>\n\n\n\n<p>Los gastos de env\u00edo de la devoluci\u00f3n correr\u00e1n por su cuenta. Los gastos de env\u00edo no son reembolsables. Si recibe un reembolso, el coste del env\u00edo de devoluci\u00f3n se deducir\u00e1 de su reembolso.  <\/p>\n\n\n\n<p>Dependiendo de d\u00f3nde viva, el tiempo que puede tardar en llegarle el producto intercambiado puede variar.<\/p>\n\n\n\n<p>Si va a devolver art\u00edculos m\u00e1s caros, puede considerar utilizar un servicio de env\u00edo con seguimiento o contratar un seguro de env\u00edo. No garantizamos que recibamos el art\u00edculo devuelto. <\/p>\n\n\n\n<h2>\u00bfNecesitas ayuda?<\/h2>\n\n\n\n<p>P\u00f3ngase en contacto con {email} nosotros para cuestiones relacionadas con reembolsos y devoluciones.<\/p>\n\t\t\t\t\t\t<\/div>\n\t\t\t\t<\/div>\n\t\t\t\t\t<\/div>\n\t\t\t\t<\/div>\n\t\t\t\t\t\t\t<\/div>\n\t\t","protected":false},"excerpt":{"rendered":"<p>Esta es una p\u00e1gina de muestra. Visi\u00f3n general Nuestra pol\u00edtica de reembolsos y devoluciones dura 30 d\u00edas. Si han pasado 30 d\u00edas [&hellip;]<\/p>\n","protected":false},"author":1,"featured_media":0,"parent":0,"menu_order":0,"comment_status":"closed","ping_status":"closed","template":"","meta":{"footnotes":""},"class_list":["post-3502","page","type-page","status-publish","hentry"],"acf":[],"yoast_head":"<!-- This site is optimized with the Yoast SEO plugin v20.12 - https:\/\/yoast.com\/wordpress\/plugins\/seo\/ -->\n<title>Pol\u00edtica de devoluciones y reembolsos - PT Damai Karya Abadi<\/title>\n<meta name=\"robots\" content=\"index, follow, max-snippet:-1, max-image-preview:large, max-video-preview:-1\" \/>\n<link rel=\"canonical\" href=\"https:\/\/dka.asia\/refund_returns\/\" \/>\n<meta property=\"og:locale\" content=\"es_ES\" \/>\n<meta property=\"og:type\" content=\"article\" \/>\n<meta property=\"og:title\" content=\"Pol\u00edtica de devoluciones y reembolsos - PT Damai Karya Abadi\" \/>\n<meta property=\"og:description\" content=\"Esta es una p\u00e1gina de muestra. Visi\u00f3n general Nuestra pol\u00edtica de reembolsos y devoluciones dura 30 d\u00edas. Si han pasado 30 d\u00edas [&hellip;]\" \/>\n<meta property=\"og:url\" content=\"https:\/\/dka.asia\/refund_returns\/\" \/>\n<meta property=\"og:site_name\" content=\"PT Damai Karya Abadi\" \/>\n<meta property=\"article:modified_time\" content=\"2023-08-16T09:01:47+00:00\" \/>\n<meta name=\"twitter:card\" content=\"summary_large_image\" \/>\n<meta name=\"twitter:label1\" content=\"Tiempo de lectura\" \/>\n\t<meta name=\"twitter:data1\" content=\"3 minutos\" \/>\n<script type=\"application\/ld+json\" class=\"yoast-schema-graph\">{\"@context\":\"https:\/\/schema.org\",\"@graph\":[{\"@type\":\"WebPage\",\"@id\":\"https:\/\/dka.asia\/refund_returns\/\",\"url\":\"https:\/\/dka.asia\/refund_returns\/\",\"name\":\"Pol\u00edtica de devoluciones y reembolsos - PT Damai Karya Abadi\",\"isPartOf\":{\"@id\":\"https:\/\/dka.asia\/#website\"},\"datePublished\":\"2023-08-03T18:54:54+00:00\",\"dateModified\":\"2023-08-16T09:01:47+00:00\",\"breadcrumb\":{\"@id\":\"https:\/\/dka.asia\/refund_returns\/#breadcrumb\"},\"inLanguage\":\"es\",\"potentialAction\":[{\"@type\":\"ReadAction\",\"target\":[\"https:\/\/dka.asia\/refund_returns\/\"]}]},{\"@type\":\"BreadcrumbList\",\"@id\":\"https:\/\/dka.asia\/refund_returns\/#breadcrumb\",\"itemListElement\":[{\"@type\":\"ListItem\",\"position\":1,\"name\":\"Home\",\"item\":\"https:\/\/dka.asia\/es\/pt-damai-karya-abadi\/\"},{\"@type\":\"ListItem\",\"position\":2,\"name\":\"Pol\u00edtica de devoluciones y reembolsos\"}]},{\"@type\":\"WebSite\",\"@id\":\"https:\/\/dka.asia\/#website\",\"url\":\"https:\/\/dka.asia\/\",\"name\":\"PT Damai Karya Abadi\",\"description\":\"Import Export Company that specializes in FMCG, Confectionery, Toiletries, Sundries, Consumer Goods, Body care, Skin care\",\"publisher\":{\"@id\":\"https:\/\/dka.asia\/#organization\"},\"potentialAction\":[{\"@type\":\"SearchAction\",\"target\":{\"@type\":\"EntryPoint\",\"urlTemplate\":\"https:\/\/dka.asia\/?s={search_term_string}\"},\"query-input\":\"required name=search_term_string\"}],\"inLanguage\":\"es\"},{\"@type\":\"Organization\",\"@id\":\"https:\/\/dka.asia\/#organization\",\"name\":\"PT Damai Karya Abadi\",\"url\":\"https:\/\/dka.asia\/\",\"logo\":{\"@type\":\"ImageObject\",\"inLanguage\":\"es\",\"@id\":\"https:\/\/dka.asia\/#\/schema\/logo\/image\/\",\"url\":\"https:\/\/dka.asia\/wp-content\/uploads\/2023\/08\/Logoin.png\",\"contentUrl\":\"https:\/\/dka.asia\/wp-content\/uploads\/2023\/08\/Logoin.png\",\"width\":569,\"height\":108,\"caption\":\"PT Damai Karya Abadi\"},\"image\":{\"@id\":\"https:\/\/dka.asia\/#\/schema\/logo\/image\/\"}}]}<\/script>\n<!-- \/ Yoast SEO plugin. -->","yoast_head_json":{"title":"Pol\u00edtica de devoluciones y reembolsos - PT Damai Karya Abadi","robots":{"index":"index","follow":"follow","max-snippet":"max-snippet:-1","max-image-preview":"max-image-preview:large","max-video-preview":"max-video-preview:-1"},"canonical":"https:\/\/dka.asia\/refund_returns\/","og_locale":"es_ES","og_type":"article","og_title":"Pol\u00edtica de devoluciones y reembolsos - PT Damai Karya Abadi","og_description":"Esta es una p\u00e1gina de muestra. Visi\u00f3n general Nuestra pol\u00edtica de reembolsos y devoluciones dura 30 d\u00edas. Si han pasado 30 d\u00edas [&hellip;]","og_url":"https:\/\/dka.asia\/refund_returns\/","og_site_name":"PT Damai Karya Abadi","article_modified_time":"2023-08-16T09:01:47+00:00","twitter_card":"summary_large_image","twitter_misc":{"Tiempo de lectura":"3 minutos"},"schema":{"@context":"https:\/\/schema.org","@graph":[{"@type":"WebPage","@id":"https:\/\/dka.asia\/refund_returns\/","url":"https:\/\/dka.asia\/refund_returns\/","name":"Pol\u00edtica de devoluciones y reembolsos - PT Damai Karya Abadi","isPartOf":{"@id":"https:\/\/dka.asia\/#website"},"datePublished":"2023-08-03T18:54:54+00:00","dateModified":"2023-08-16T09:01:47+00:00","breadcrumb":{"@id":"https:\/\/dka.asia\/refund_returns\/#breadcrumb"},"inLanguage":"es","potentialAction":[{"@type":"ReadAction","target":["https:\/\/dka.asia\/refund_returns\/"]}]},{"@type":"BreadcrumbList","@id":"https:\/\/dka.asia\/refund_returns\/#breadcrumb","itemListElement":[{"@type":"ListItem","position":1,"name":"Home","item":"https:\/\/dka.asia\/es\/pt-damai-karya-abadi\/"},{"@type":"ListItem","position":2,"name":"Pol\u00edtica de devoluciones y reembolsos"}]},{"@type":"WebSite","@id":"https:\/\/dka.asia\/#website","url":"https:\/\/dka.asia\/","name":"PT Damai Karya Abadi","description":"Import Export Company that specializes in FMCG, Confectionery, Toiletries, Sundries, Consumer Goods, Body care, Skin care","publisher":{"@id":"https:\/\/dka.asia\/#organization"},"potentialAction":[{"@type":"SearchAction","target":{"@type":"EntryPoint","urlTemplate":"https:\/\/dka.asia\/?s={search_term_string}"},"query-input":"required name=search_term_string"}],"inLanguage":"es"},{"@type":"Organization","@id":"https:\/\/dka.asia\/#organization","name":"PT Damai Karya Abadi","url":"https:\/\/dka.asia\/","logo":{"@type":"ImageObject","inLanguage":"es","@id":"https:\/\/dka.asia\/#\/schema\/logo\/image\/","url":"https:\/\/dka.asia\/wp-content\/uploads\/2023\/08\/Logoin.png","contentUrl":"https:\/\/dka.asia\/wp-content\/uploads\/2023\/08\/Logoin.png","width":569,"height":108,"caption":"PT Damai Karya Abadi"},"image":{"@id":"https:\/\/dka.asia\/#\/schema\/logo\/image\/"}}]}},"_links":{"self":[{"href":"https:\/\/dka.asia\/es\/wp-json\/wp\/v2\/pages\/3502","targetHints":{"allow":["GET"]}}],"collection":[{"href":"https:\/\/dka.asia\/es\/wp-json\/wp\/v2\/pages"}],"about":[{"href":"https:\/\/dka.asia\/es\/wp-json\/wp\/v2\/types\/page"}],"author":[{"embeddable":true,"href":"https:\/\/dka.asia\/es\/wp-json\/wp\/v2\/users\/1"}],"replies":[{"embeddable":true,"href":"https:\/\/dka.asia\/es\/wp-json\/wp\/v2\/comments?post=3502"}],"version-history":[{"count":0,"href":"https:\/\/dka.asia\/es\/wp-json\/wp\/v2\/pages\/3502\/revisions"}],"wp:attachment":[{"href":"https:\/\/dka.asia\/es\/wp-json\/wp\/v2\/media?parent=3502"}],"curies":[{"name":"wp","href":"https:\/\/api.w.org\/{rel}","templated":true}]}}